{"id":2395,"date":"2023-11-27T20:04:13","date_gmt":"2023-11-27T20:04:13","guid":{"rendered":"https:\/\/inyelegance.com\/?page_id=2395"},"modified":"2025-04-28T21:08:21","modified_gmt":"2025-04-28T21:08:21","slug":"politique-de-confidentialite","status":"publish","type":"page","link":"https:\/\/inyelegance.com\/en\/politique-de-confidentialite\/","title":{"rendered":"Politique de confidentialit\u00e9"},"content":{"rendered":"<p><strong>Adresse l\u00e9gale de l&#8217;\u00e9diteur :<\/strong><\/p>\n<p>INY<\/p>\n<p>Commercial\u00a0: Iny Elegance<\/p>\n<p>Ile de France<\/p>\n<p>Site web : http:\/\/www.inyelegance.com<br \/>\nEmail : contact@inyelegance.com<\/p>\n<p>SIRET: 924 900 442 RCS de Bobigny<\/p>\n<p><strong>Pr\u00e9sident<\/strong><br \/>\nPIERRE Ricardo<\/p>\n<p><strong>D\u00e9claration CNIL :<\/strong><\/p>\n<p>Conform\u00e9ment \u00e0 la loi du 6 janvier 1978 relative \u00e0 l&#8217;informatique, aux fichiers et aux libert\u00e9s et \u00e0 l&#8217;article 43 de la loi du 30 septembre 1986 modifi\u00e9e, ce site web a fait l&#8217;objet d&#8217;une d\u00e9claration de traitement automatis\u00e9 d&#8217;informations nominatives aupr\u00e8s de la Commission Nationale Informatique et Libert\u00e9s (CNIL).<\/p>\n<p><strong>Propri\u00e9t\u00e9 intellectuelle\u00a0: <\/strong><br \/>\nL&#8217;utilisation du site digitalflyer.fr ne vous autorise aucun usage strictement personnel. Ce site et l&#8217;ensemble des \u00e9l\u00e9ments qui le composent (noms de domaine, marques, structure g\u00e9n\u00e9rale, textes, graphiques, images, bases de donn\u00e9es, arborescence, logos, charte graphique, et autres \u00e9l\u00e9ments reproduits sur le site sont la propri\u00e9t\u00e9 de la soci\u00e9t\u00e9 INY. La protection du site et des \u00e9l\u00e9ments le composant rel\u00e8vent des l\u00e9gislations nationales et internationales relatives au droit de la propri\u00e9t\u00e9 intellectuelle. Toute reproduction et\/ou repr\u00e9sentation et\/ou rediffusion, en tout ou en partie, sur tout support \u00e9lectronique ou non, pr\u00e9sent ou futur, sont interdites sauf autorisation expresse et pr\u00e9alable de la soci\u00e9t\u00e9. Toute personne contrevenant \u00e0 cette interdiction, engage sa responsabilit\u00e9 p\u00e9nale et civile et peut \u00eatre poursuivie notamment sur le fondement de la contrefa\u00e7on. De m\u00eame les bases de donn\u00e9es d&#8217;informations sont prot\u00e9g\u00e9es au titre de la loi du 1 er juillet 1998. Ainsi, toute extraction ou tentative d&#8217;extraction, fut-elle totale ou partielle, est susceptible d&#8217;engager les responsabilit\u00e9s civile et p\u00e9nale de tout contrevenant.<\/p>\n<p><strong>H\u00e9bergeur Site Web <\/strong><\/p>\n<p>1&amp;1 Internet SARL\u00a0&#8211; 7, place de la Gare<br \/>\nBP 70109 &#8211; 57201 Sarreguemines Cedex<\/p>\n<p><strong>H\u00e9bergeur Nom de domaine <\/strong><\/p>\n<p>1&amp;1 Internet SARL\u00a0&#8211; 7, place de la Gare<br \/>\nBP 70109\u00a0&#8211; 57201 Sarreguemines Cedex<\/p>\n<p><strong>Conception\/R\u00e9alisation :<\/strong><\/p>\n<p>Digital Flyer \u2013 Digital Flyer<\/p>","protected":false},"excerpt":{"rendered":"<p>Adresse l\u00e9gale de l&#8217;\u00e9diteur : INY Commercial\u00a0: Iny Elegance Ile de France Site web : http:\/\/www.inyelegance.com Email : contact@inyelegance.com SIRET: 924 900 442 RCS de Bobigny Pr\u00e9sident PIERRE Ricardo D\u00e9claration CNIL : Conform\u00e9ment \u00e0 la loi du 6 janvier 1978 relative \u00e0 l&#8217;informatique, aux fichiers et aux libert\u00e9s et \u00e0 l&#8217;article 43 de la loi<\/p>","protected":false},"author":1,"featured_media":0,"parent":0,"menu_order":0,"comment_status":"closed","ping_status":"closed","template":"","meta":{"footnotes":""},"class_list":["post-2395","page","type-page","status-publish","hentry"],"yoast_head":"<!-- This site is optimized with the Yoast SEO plugin v27.4 - https:\/\/yoast.com\/product\/yoast-seo-wordpress\/ -->\n<title>Politique de confidentialit\u00e9 - Iny Elegance<\/title>\n<meta name=\"description\" content=\"Agence de chauffeur priv\u00e9e domicili\u00e9e en Ile de France. Service de transports pour particuliers et professionnels. Service garantie.\" \/>\n<meta name=\"robots\" content=\"index, follow, max-snippet:-1, max-image-preview:large, max-video-preview:-1\" \/>\n<link rel=\"canonical\" href=\"https:\/\/inyelegance.com\/en\/politique-de-confidentialite\/\" \/>\n<meta property=\"og:locale\" content=\"en_US\" \/>\n<meta property=\"og:type\" content=\"article\" \/>\n<meta property=\"og:title\" content=\"Politique de confidentialit\u00e9 - Iny Elegance\" \/>\n<meta property=\"og:description\" content=\"Agence de chauffeur priv\u00e9e domicili\u00e9e en Ile de France. Service de transports pour particuliers et professionnels. Service garantie.\" \/>\n<meta property=\"og:url\" content=\"https:\/\/inyelegance.com\/en\/politique-de-confidentialite\/\" \/>\n<meta property=\"og:site_name\" content=\"Iny Elegance\" \/>\n<meta property=\"article:modified_time\" content=\"2025-04-28T21:08:21+00:00\" \/>\n<meta property=\"og:image\" content=\"https:\/\/inyelegance.com\/wp-content\/uploads\/2024\/11\/Logo-GP-pour-SEO.jpg\" \/>\n\t<meta property=\"og:image:width\" content=\"1200\" \/>\n\t<meta property=\"og:image:height\" content=\"675\" \/>\n\t<meta property=\"og:image:type\" content=\"image\/jpeg\" \/>\n<meta name=\"twitter:card\" content=\"summary_large_image\" \/>\n<meta name=\"twitter:label1\" content=\"Est. reading time\" \/>\n\t<meta name=\"twitter:data1\" content=\"2 minutes\" \/>\n<script type=\"application\/ld+json\" class=\"yoast-schema-graph\">{\"@context\":\"https:\\\/\\\/schema.org\",\"@graph\":[{\"@type\":\"WebPage\",\"@id\":\"https:\\\/\\\/inyelegance.com\\\/politique-de-confidentialite\\\/\",\"url\":\"https:\\\/\\\/inyelegance.com\\\/politique-de-confidentialite\\\/\",\"name\":\"Politique de confidentialit\u00e9 - Iny Elegance\",\"isPartOf\":{\"@id\":\"https:\\\/\\\/inyelegance.com\\\/#website\"},\"datePublished\":\"2023-11-27T20:04:13+00:00\",\"dateModified\":\"2025-04-28T21:08:21+00:00\",\"description\":\"Agence de chauffeur priv\u00e9e domicili\u00e9e en Ile de France. Service de transports pour particuliers et professionnels. Service garantie.\",\"breadcrumb\":{\"@id\":\"https:\\\/\\\/inyelegance.com\\\/politique-de-confidentialite\\\/#breadcrumb\"},\"inLanguage\":\"en-US\",\"potentialAction\":[{\"@type\":\"ReadAction\",\"target\":[\"https:\\\/\\\/inyelegance.com\\\/politique-de-confidentialite\\\/\"]}]},{\"@type\":\"BreadcrumbList\",\"@id\":\"https:\\\/\\\/inyelegance.com\\\/politique-de-confidentialite\\\/#breadcrumb\",\"itemListElement\":[{\"@type\":\"ListItem\",\"position\":1,\"name\":\"Home\",\"item\":\"https:\\\/\\\/inyelegance.com\\\/\"},{\"@type\":\"ListItem\",\"position\":2,\"name\":\"Politique de confidentialit\u00e9\"}]},{\"@type\":\"WebSite\",\"@id\":\"https:\\\/\\\/inyelegance.com\\\/#website\",\"url\":\"https:\\\/\\\/inyelegance.com\\\/\",\"name\":\"Inyelegance.com\",\"description\":\"Centrale de r\u00e9servation Taxi et VTC\",\"publisher\":{\"@id\":\"https:\\\/\\\/inyelegance.com\\\/#organization\"},\"potentialAction\":[{\"@type\":\"SearchAction\",\"target\":{\"@type\":\"EntryPoint\",\"urlTemplate\":\"https:\\\/\\\/inyelegance.com\\\/?s={search_term_string}\"},\"query-input\":{\"@type\":\"PropertyValueSpecification\",\"valueRequired\":true,\"valueName\":\"search_term_string\"}}],\"inLanguage\":\"en-US\"},{\"@type\":\"Organization\",\"@id\":\"https:\\\/\\\/inyelegance.com\\\/#organization\",\"name\":\"Iny Elegance\",\"url\":\"https:\\\/\\\/inyelegance.com\\\/\",\"logo\":{\"@type\":\"ImageObject\",\"inLanguage\":\"en-US\",\"@id\":\"https:\\\/\\\/inyelegance.com\\\/#\\\/schema\\\/logo\\\/image\\\/\",\"url\":\"https:\\\/\\\/inyelegance.com\\\/wp-content\\\/uploads\\\/2024\\\/11\\\/Logo-pour-SEO.jpg\",\"contentUrl\":\"https:\\\/\\\/inyelegance.com\\\/wp-content\\\/uploads\\\/2024\\\/11\\\/Logo-pour-SEO.jpg\",\"width\":696,\"height\":696,\"caption\":\"Iny Elegance\"},\"image\":{\"@id\":\"https:\\\/\\\/inyelegance.com\\\/#\\\/schema\\\/logo\\\/image\\\/\"},\"sameAs\":[\"https:\\\/\\\/www.instagram.com\\\/inyelegance\\\/\"]}]}<\/script>\n<!-- \/ Yoast SEO plugin. -->","yoast_head_json":{"title":"Politique de confidentialit\u00e9 - Iny Elegance","description":"Agence de chauffeur priv\u00e9e domicili\u00e9e en Ile de France. Service de transports pour particuliers et professionnels. Service garantie.","robots":{"index":"index","follow":"follow","max-snippet":"max-snippet:-1","max-image-preview":"max-image-preview:large","max-video-preview":"max-video-preview:-1"},"canonical":"https:\/\/inyelegance.com\/en\/politique-de-confidentialite\/","og_locale":"en_US","og_type":"article","og_title":"Politique de confidentialit\u00e9 - Iny Elegance","og_description":"Agence de chauffeur priv\u00e9e domicili\u00e9e en Ile de France. Service de transports pour particuliers et professionnels. Service garantie.","og_url":"https:\/\/inyelegance.com\/en\/politique-de-confidentialite\/","og_site_name":"Iny Elegance","article_modified_time":"2025-04-28T21:08:21+00:00","og_image":[{"width":1200,"height":675,"url":"https:\/\/inyelegance.com\/wp-content\/uploads\/2024\/11\/Logo-GP-pour-SEO.jpg","type":"image\/jpeg"}],"twitter_card":"summary_large_image","twitter_misc":{"Est. reading time":"2 minutes"},"schema":{"@context":"https:\/\/schema.org","@graph":[{"@type":"WebPage","@id":"https:\/\/inyelegance.com\/politique-de-confidentialite\/","url":"https:\/\/inyelegance.com\/politique-de-confidentialite\/","name":"Politique de confidentialit\u00e9 - Iny Elegance","isPartOf":{"@id":"https:\/\/inyelegance.com\/#website"},"datePublished":"2023-11-27T20:04:13+00:00","dateModified":"2025-04-28T21:08:21+00:00","description":"Agence de chauffeur priv\u00e9e domicili\u00e9e en Ile de France. Service de transports pour particuliers et professionnels. Service garantie.","breadcrumb":{"@id":"https:\/\/inyelegance.com\/politique-de-confidentialite\/#breadcrumb"},"inLanguage":"en-US","potentialAction":[{"@type":"ReadAction","target":["https:\/\/inyelegance.com\/politique-de-confidentialite\/"]}]},{"@type":"BreadcrumbList","@id":"https:\/\/inyelegance.com\/politique-de-confidentialite\/#breadcrumb","itemListElement":[{"@type":"ListItem","position":1,"name":"Home","item":"https:\/\/inyelegance.com\/"},{"@type":"ListItem","position":2,"name":"Politique de confidentialit\u00e9"}]},{"@type":"WebSite","@id":"https:\/\/inyelegance.com\/#website","url":"https:\/\/inyelegance.com\/","name":"Inyelegance.com","description":"Centrale de r\u00e9servation Taxi et VTC","publisher":{"@id":"https:\/\/inyelegance.com\/#organization"},"potentialAction":[{"@type":"SearchAction","target":{"@type":"EntryPoint","urlTemplate":"https:\/\/inyelegance.com\/?s={search_term_string}"},"query-input":{"@type":"PropertyValueSpecification","valueRequired":true,"valueName":"search_term_string"}}],"inLanguage":"en-US"},{"@type":"Organization","@id":"https:\/\/inyelegance.com\/#organization","name":"Iny Elegance","url":"https:\/\/inyelegance.com\/","logo":{"@type":"ImageObject","inLanguage":"en-US","@id":"https:\/\/inyelegance.com\/#\/schema\/logo\/image\/","url":"https:\/\/inyelegance.com\/wp-content\/uploads\/2024\/11\/Logo-pour-SEO.jpg","contentUrl":"https:\/\/inyelegance.com\/wp-content\/uploads\/2024\/11\/Logo-pour-SEO.jpg","width":696,"height":696,"caption":"Iny Elegance"},"image":{"@id":"https:\/\/inyelegance.com\/#\/schema\/logo\/image\/"},"sameAs":["https:\/\/www.instagram.com\/inyelegance\/"]}]}},"jetpack_sharing_enabled":true,"_links":{"self":[{"href":"https:\/\/inyelegance.com\/en\/wp-json\/wp\/v2\/pages\/2395","targetHints":{"allow":["GET"]}}],"collection":[{"href":"https:\/\/inyelegance.com\/en\/wp-json\/wp\/v2\/pages"}],"about":[{"href":"https:\/\/inyelegance.com\/en\/wp-json\/wp\/v2\/types\/page"}],"author":[{"embeddable":true,"href":"https:\/\/inyelegance.com\/en\/wp-json\/wp\/v2\/users\/1"}],"replies":[{"embeddable":true,"href":"https:\/\/inyelegance.com\/en\/wp-json\/wp\/v2\/comments?post=2395"}],"version-history":[{"count":3,"href":"https:\/\/inyelegance.com\/en\/wp-json\/wp\/v2\/pages\/2395\/revisions"}],"predecessor-version":[{"id":2440,"href":"https:\/\/inyelegance.com\/en\/wp-json\/wp\/v2\/pages\/2395\/revisions\/2440"}],"wp:attachment":[{"href":"https:\/\/inyelegance.com\/en\/wp-json\/wp\/v2\/media?parent=2395"}],"curies":[{"name":"wp","href":"https:\/\/api.w.org\/{rel}","templated":true}]}}