{"id":2684,"date":"2024-11-11T00:49:32","date_gmt":"2024-11-11T00:49:32","guid":{"rendered":"https:\/\/inyelegance.com\/?page_id=2684"},"modified":"2024-11-12T00:18:21","modified_gmt":"2024-11-12T00:18:21","slug":"nos-articles","status":"publish","type":"page","link":"https:\/\/inyelegance.com\/en\/nos-articles\/","title":{"rendered":"Blog"},"content":{"rendered":"<h1>R\u00e9server votre trajet en toute s\u00e9curit\u00e9<\/h1>\n<p>Cette Pages regroupe l&#8217;ensemble des articles afin de vous informer et de vous prot\u00e9ger \u00e0 travers votre r\u00e9servation de trajet.<\/p>\n<p>Cliquer sur l&#8217;article que vous souhaitez.<\/p>\n<h2><a href=\"https:\/\/inyelegance.com\/en\/comment-reserver-un-taxi\/\">R\u00e9servation d&#8217;un TAXI \u00e0 Paris<\/a><\/h2>\n<h2><a href=\"https:\/\/inyelegance.com\/en\/reserver-un-vtc\/\">R\u00e9servation d&#8217;un VTC \u00e0 Paris<\/a><\/h2>\n<h2><a href=\"https:\/\/inyelegance.com\/en\/reserver-votre-transfere-aeroport\/\">R\u00e9servation transfert a\u00e9roport Charles de Gaulle et a\u00e9roport d&#8217;Orly<\/a><\/h2>\n<h2><a href=\"https:\/\/inyelegance.com\/en\/les-obligations-reglementaire-taxi-et-vtc\/\">Les Obligations du chauffeur<\/a><\/h2>\n<p>&nbsp;<\/p>\n<p>&nbsp;<\/p>","protected":false},"excerpt":{"rendered":"<p>R\u00e9server votre trajet en toute s\u00e9curit\u00e9 Cette Pages regroupe l&#8217;ensemble des articles afin de vous informer et de vous prot\u00e9ger \u00e0 travers votre r\u00e9servation de trajet. Cliquer sur l&#8217;article que vous souhaitez. R\u00e9servation d&#8217;un TAXI \u00e0 Paris R\u00e9servation d&#8217;un VTC \u00e0 Paris R\u00e9servation transfert a\u00e9roport Charles de Gaulle et a\u00e9roport d&#8217;Orly Les Obligations du chauffeur<\/p>","protected":false},"author":1,"featured_media":0,"parent":0,"menu_order":0,"comment_status":"closed","ping_status":"closed","template":"","meta":{"footnotes":""},"class_list":["post-2684","page","type-page","status-publish","hentry"],"yoast_head":"<!-- This site is optimized with the Yoast SEO plugin v27.4 - https:\/\/yoast.com\/product\/yoast-seo-wordpress\/ -->\n<title>Blog - Iny Elegance<\/title>\n<meta name=\"description\" content=\"R\u00e9server votre trajet en toute s\u00e9curit\u00e9 Cette Pages regroupe l&#039;ensemble des articles afin de vous informer et de vous prot\u00e9ger \u00e0 travers votre r\u00e9servation\" \/>\n<meta name=\"robots\" content=\"index, follow, max-snippet:-1, max-image-preview:large, max-video-preview:-1\" \/>\n<link rel=\"canonical\" href=\"https:\/\/inyelegance.com\/en\/nos-articles\/\" \/>\n<meta property=\"og:locale\" content=\"en_US\" \/>\n<meta property=\"og:type\" content=\"article\" \/>\n<meta property=\"og:title\" content=\"Blog - Iny Elegance\" \/>\n<meta property=\"og:description\" content=\"R\u00e9server votre trajet en toute s\u00e9curit\u00e9 Cette Pages regroupe l&#039;ensemble des articles afin de vous informer et de vous prot\u00e9ger \u00e0 travers votre r\u00e9servation\" \/>\n<meta property=\"og:url\" content=\"https:\/\/inyelegance.com\/en\/nos-articles\/\" \/>\n<meta property=\"og:site_name\" content=\"Iny Elegance\" \/>\n<meta property=\"article:modified_time\" content=\"2024-11-12T00:18:21+00:00\" \/>\n<meta property=\"og:image\" content=\"https:\/\/inyelegance.com\/wp-content\/uploads\/2024\/11\/Logo-GP-pour-SEO.jpg\" \/>\n\t<meta property=\"og:image:width\" content=\"1200\" \/>\n\t<meta property=\"og:image:height\" content=\"675\" \/>\n\t<meta property=\"og:image:type\" content=\"image\/jpeg\" \/>\n<meta name=\"twitter:card\" content=\"summary_large_image\" \/>\n<meta name=\"twitter:label1\" content=\"Est. reading time\" \/>\n\t<meta name=\"twitter:data1\" content=\"1 minute\" \/>\n<script type=\"application\/ld+json\" class=\"yoast-schema-graph\">{\"@context\":\"https:\\\/\\\/schema.org\",\"@graph\":[{\"@type\":\"WebPage\",\"@id\":\"https:\\\/\\\/inyelegance.com\\\/nos-articles\\\/\",\"url\":\"https:\\\/\\\/inyelegance.com\\\/nos-articles\\\/\",\"name\":\"Blog - Iny Elegance\",\"isPartOf\":{\"@id\":\"https:\\\/\\\/inyelegance.com\\\/#website\"},\"datePublished\":\"2024-11-11T00:49:32+00:00\",\"dateModified\":\"2024-11-12T00:18:21+00:00\",\"description\":\"R\u00e9server votre trajet en toute s\u00e9curit\u00e9 Cette Pages regroupe l'ensemble des articles afin de vous informer et de vous prot\u00e9ger \u00e0 travers votre r\u00e9servation\",\"breadcrumb\":{\"@id\":\"https:\\\/\\\/inyelegance.com\\\/nos-articles\\\/#breadcrumb\"},\"inLanguage\":\"en-US\",\"potentialAction\":[{\"@type\":\"ReadAction\",\"target\":[\"https:\\\/\\\/inyelegance.com\\\/nos-articles\\\/\"]}]},{\"@type\":\"BreadcrumbList\",\"@id\":\"https:\\\/\\\/inyelegance.com\\\/nos-articles\\\/#breadcrumb\",\"itemListElement\":[{\"@type\":\"ListItem\",\"position\":1,\"name\":\"Home\",\"item\":\"https:\\\/\\\/inyelegance.com\\\/\"},{\"@type\":\"ListItem\",\"position\":2,\"name\":\"Blog\"}]},{\"@type\":\"WebSite\",\"@id\":\"https:\\\/\\\/inyelegance.com\\\/#website\",\"url\":\"https:\\\/\\\/inyelegance.com\\\/\",\"name\":\"Inyelegance.com\",\"description\":\"Centrale de r\u00e9servation Taxi et VTC\",\"publisher\":{\"@id\":\"https:\\\/\\\/inyelegance.com\\\/#organization\"},\"potentialAction\":[{\"@type\":\"SearchAction\",\"target\":{\"@type\":\"EntryPoint\",\"urlTemplate\":\"https:\\\/\\\/inyelegance.com\\\/?s={search_term_string}\"},\"query-input\":{\"@type\":\"PropertyValueSpecification\",\"valueRequired\":true,\"valueName\":\"search_term_string\"}}],\"inLanguage\":\"en-US\"},{\"@type\":\"Organization\",\"@id\":\"https:\\\/\\\/inyelegance.com\\\/#organization\",\"name\":\"Iny Elegance\",\"url\":\"https:\\\/\\\/inyelegance.com\\\/\",\"logo\":{\"@type\":\"ImageObject\",\"inLanguage\":\"en-US\",\"@id\":\"https:\\\/\\\/inyelegance.com\\\/#\\\/schema\\\/logo\\\/image\\\/\",\"url\":\"https:\\\/\\\/inyelegance.com\\\/wp-content\\\/uploads\\\/2024\\\/11\\\/Logo-pour-SEO.jpg\",\"contentUrl\":\"https:\\\/\\\/inyelegance.com\\\/wp-content\\\/uploads\\\/2024\\\/11\\\/Logo-pour-SEO.jpg\",\"width\":696,\"height\":696,\"caption\":\"Iny Elegance\"},\"image\":{\"@id\":\"https:\\\/\\\/inyelegance.com\\\/#\\\/schema\\\/logo\\\/image\\\/\"},\"sameAs\":[\"https:\\\/\\\/www.instagram.com\\\/inyelegance\\\/\"]}]}<\/script>\n<!-- \/ Yoast SEO plugin. -->","yoast_head_json":{"title":"Blog - Iny Elegance","description":"R\u00e9server votre trajet en toute s\u00e9curit\u00e9 Cette Pages regroupe l'ensemble des articles afin de vous informer et de vous prot\u00e9ger \u00e0 travers votre r\u00e9servation","robots":{"index":"index","follow":"follow","max-snippet":"max-snippet:-1","max-image-preview":"max-image-preview:large","max-video-preview":"max-video-preview:-1"},"canonical":"https:\/\/inyelegance.com\/en\/nos-articles\/","og_locale":"en_US","og_type":"article","og_title":"Blog - Iny Elegance","og_description":"R\u00e9server votre trajet en toute s\u00e9curit\u00e9 Cette Pages regroupe l'ensemble des articles afin de vous informer et de vous prot\u00e9ger \u00e0 travers votre r\u00e9servation","og_url":"https:\/\/inyelegance.com\/en\/nos-articles\/","og_site_name":"Iny Elegance","article_modified_time":"2024-11-12T00:18:21+00:00","og_image":[{"width":1200,"height":675,"url":"https:\/\/inyelegance.com\/wp-content\/uploads\/2024\/11\/Logo-GP-pour-SEO.jpg","type":"image\/jpeg"}],"twitter_card":"summary_large_image","twitter_misc":{"Est. reading time":"1 minute"},"schema":{"@context":"https:\/\/schema.org","@graph":[{"@type":"WebPage","@id":"https:\/\/inyelegance.com\/nos-articles\/","url":"https:\/\/inyelegance.com\/nos-articles\/","name":"Blog - Iny Elegance","isPartOf":{"@id":"https:\/\/inyelegance.com\/#website"},"datePublished":"2024-11-11T00:49:32+00:00","dateModified":"2024-11-12T00:18:21+00:00","description":"R\u00e9server votre trajet en toute s\u00e9curit\u00e9 Cette Pages regroupe l'ensemble des articles afin de vous informer et de vous prot\u00e9ger \u00e0 travers votre r\u00e9servation","breadcrumb":{"@id":"https:\/\/inyelegance.com\/nos-articles\/#breadcrumb"},"inLanguage":"en-US","potentialAction":[{"@type":"ReadAction","target":["https:\/\/inyelegance.com\/nos-articles\/"]}]},{"@type":"BreadcrumbList","@id":"https:\/\/inyelegance.com\/nos-articles\/#breadcrumb","itemListElement":[{"@type":"ListItem","position":1,"name":"Home","item":"https:\/\/inyelegance.com\/"},{"@type":"ListItem","position":2,"name":"Blog"}]},{"@type":"WebSite","@id":"https:\/\/inyelegance.com\/#website","url":"https:\/\/inyelegance.com\/","name":"Inyelegance.com","description":"Centrale de r\u00e9servation Taxi et VTC","publisher":{"@id":"https:\/\/inyelegance.com\/#organization"},"potentialAction":[{"@type":"SearchAction","target":{"@type":"EntryPoint","urlTemplate":"https:\/\/inyelegance.com\/?s={search_term_string}"},"query-input":{"@type":"PropertyValueSpecification","valueRequired":true,"valueName":"search_term_string"}}],"inLanguage":"en-US"},{"@type":"Organization","@id":"https:\/\/inyelegance.com\/#organization","name":"Iny Elegance","url":"https:\/\/inyelegance.com\/","logo":{"@type":"ImageObject","inLanguage":"en-US","@id":"https:\/\/inyelegance.com\/#\/schema\/logo\/image\/","url":"https:\/\/inyelegance.com\/wp-content\/uploads\/2024\/11\/Logo-pour-SEO.jpg","contentUrl":"https:\/\/inyelegance.com\/wp-content\/uploads\/2024\/11\/Logo-pour-SEO.jpg","width":696,"height":696,"caption":"Iny Elegance"},"image":{"@id":"https:\/\/inyelegance.com\/#\/schema\/logo\/image\/"},"sameAs":["https:\/\/www.instagram.com\/inyelegance\/"]}]}},"jetpack_sharing_enabled":true,"_links":{"self":[{"href":"https:\/\/inyelegance.com\/en\/wp-json\/wp\/v2\/pages\/2684","targetHints":{"allow":["GET"]}}],"collection":[{"href":"https:\/\/inyelegance.com\/en\/wp-json\/wp\/v2\/pages"}],"about":[{"href":"https:\/\/inyelegance.com\/en\/wp-json\/wp\/v2\/types\/page"}],"author":[{"embeddable":true,"href":"https:\/\/inyelegance.com\/en\/wp-json\/wp\/v2\/users\/1"}],"replies":[{"embeddable":true,"href":"https:\/\/inyelegance.com\/en\/wp-json\/wp\/v2\/comments?post=2684"}],"version-history":[{"count":7,"href":"https:\/\/inyelegance.com\/en\/wp-json\/wp\/v2\/pages\/2684\/revisions"}],"predecessor-version":[{"id":2760,"href":"https:\/\/inyelegance.com\/en\/wp-json\/wp\/v2\/pages\/2684\/revisions\/2760"}],"wp:attachment":[{"href":"https:\/\/inyelegance.com\/en\/wp-json\/wp\/v2\/media?parent=2684"}],"curies":[{"name":"wp","href":"https:\/\/api.w.org\/{rel}","templated":true}]}}