{"id":2690,"date":"2024-11-11T01:28:40","date_gmt":"2024-11-11T01:28:40","guid":{"rendered":"https:\/\/inyelegance.com\/?page_id=2690"},"modified":"2024-11-11T03:51:35","modified_gmt":"2024-11-11T03:51:35","slug":"comment-reserver-un-taxi","status":"publish","type":"page","link":"https:\/\/inyelegance.com\/en\/comment-reserver-un-taxi\/","title":{"rendered":"R\u00e9server un Taxi"},"content":{"rendered":"<h1>R\u00e9server un TAXI<\/h1>\n<h2>Comment r\u00e9server un taxi \u00e0 Paris<\/h2>\n<p>R\u00e9server un Taxi \u00e0 Paris peut \u00eatre r\u00e9serv\u00e9 de mani\u00e8re simple et pratique gr\u00e2ce \u00e0 votre <a href=\"https:\/\/inyelegance.com\/en\/\">module de r\u00e9servation<\/a>.<\/p>\n<p>G\u00e9rez vos r\u00e9servations et devenez acteur de votre trajet, payer tout en ligne\u00a0 sans vous souciez du paiement \u00e0 bord !<\/p>\n<p>R\u00e9server votre taxi \u00e0 Paris, \u00e0 l&#8217;a\u00e9roport Charles de Gaulle ou \u00e0 l&#8217;a\u00e9roport d&#8217;Orly peut vous semble compliquer \u00e9tant donn\u00e9 la pr\u00e9sence de divers chauffeurs frauduleux qui ne sont pas form\u00e9s, qui n&#8217;ont pas de licence et qui ne sont pas assur\u00e9s.<\/p>\n<h3><strong>Efficace et fiable, s<\/strong><strong>oyez rassur\u00e9 par notre centrale de r\u00e9servation<\/strong><\/h3>\n<p>Votre chauffeur d\u00e9sign\u00e9 arrivera 15 minutes avant l&#8217;heure de prise en charge apr\u00e8s que vous ayez \u00e9t\u00e9 contact\u00e9 pour confirmer votre r\u00e9servation.<\/p>\n<p>R\u00e9server un taxi \u00e0 Paris ou aux a\u00e9roports Charles de Gaulle et Orly peut \u00eatre complexe avec des chauffeurs non agr\u00e9\u00e9s.<\/p>\n<p>Soyez serein, notre centrale certifie chaque chauffeur, tous enregistr\u00e9s aupr\u00e8s du <a href=\"https:\/\/www.ecologie.gouv.fr\/politiques-publiques\/taxi-vtc-reglementation-transports-publics-particuliers-personnes\">Minist\u00e8re des Transports<\/a> et remplissant les obligations l\u00e9gales.<\/p>\n<p>INY ELEGANCE dispose d&#8217;un service commercial qui vous contactera apr\u00e8s chaque voyage pour s&#8217;assurer de votre satisfaction et vos recommandations.<\/p>\n<p>B\u00e9n\u00e9ficier de r\u00e9ductions tout au long de vos r\u00e9servations aupr\u00e8s de notre agence gr\u00e2ce \u00e0 votre fid\u00e9lit\u00e9.<\/p>\n<p>Parrainez un ami et obtiens une r\u00e9duction de 20 \u00e0 50 % sur vos trajets \u00e0 venir de moins de 20 km !<\/p>\n<p>Une centrale de r\u00e9servation de taxis parisiens et de VTC qualifi\u00e9, fiable et efficace est accessible 24h\/24h.<\/p>\n<p>Plus de 500 chauffeurs exp\u00e9rimentes \u00e0 votre disposition, de jour comme de nuit, fa\u00eete nous confiance !<\/p>\n<h3>R\u00e9server selon votre budget<\/h3>\n<p>Selon votre Budget, nous vous proposons toujours <a href=\"https:\/\/inyelegance.com\/en\/voyager-selon-votre-budget\/\">trois gammes<\/a> :<\/p>\n<ul>\n<li><strong>Economique<\/strong><\/li>\n<li><strong>Berline Confort<\/strong><\/li>\n<li><strong>Van (de 1 \u00e0 8 Personnes)<\/strong><\/li>\n<\/ul>\n<p>Nous restons joignable au <strong>07 44 81 19 48<\/strong> ou sur notre mail en cas de besoin de contact imm\u00e9diat<\/p>\n<p>&nbsp;<\/p>\n<p>&nbsp;<\/p>\n<p>&nbsp;<\/p>","protected":false},"excerpt":{"rendered":"<p>R\u00e9server un TAXI Comment r\u00e9server un taxi \u00e0 Paris R\u00e9server un Taxi \u00e0 Paris peut \u00eatre r\u00e9serv\u00e9 de mani\u00e8re simple et pratique gr\u00e2ce \u00e0 votre module de r\u00e9servation. G\u00e9rez vos r\u00e9servations et devenez acteur de votre trajet, payer tout en ligne\u00a0 sans vous souciez du paiement \u00e0 bord ! R\u00e9server votre taxi \u00e0 Paris, \u00e0<\/p>","protected":false},"author":1,"featured_media":0,"parent":0,"menu_order":0,"comment_status":"closed","ping_status":"closed","template":"","meta":{"footnotes":""},"class_list":["post-2690","page","type-page","status-publish","hentry"],"yoast_head":"<!-- This site is optimized with the Yoast SEO plugin v27.4 - https:\/\/yoast.com\/product\/yoast-seo-wordpress\/ -->\n<title>R\u00e9server un Taxi - Iny Elegance<\/title>\n<meta name=\"description\" content=\"R\u00e9server un taxi \u00e0 Paris en toute simplicit\u00e9 gr\u00e2ce \u00e0 notre module de r\u00e9servation en ligne. Simple et pratique\" \/>\n<meta name=\"robots\" content=\"index, follow, max-snippet:-1, max-image-preview:large, max-video-preview:-1\" \/>\n<link rel=\"canonical\" href=\"https:\/\/inyelegance.com\/en\/comment-reserver-un-taxi\/\" \/>\n<meta property=\"og:locale\" content=\"en_US\" \/>\n<meta property=\"og:type\" content=\"article\" \/>\n<meta property=\"og:title\" content=\"R\u00e9server un Taxi - Iny Elegance\" \/>\n<meta property=\"og:description\" content=\"R\u00e9server un taxi \u00e0 Paris en toute simplicit\u00e9 gr\u00e2ce \u00e0 notre module de r\u00e9servation en ligne. Simple et pratique\" \/>\n<meta property=\"og:url\" content=\"https:\/\/inyelegance.com\/en\/comment-reserver-un-taxi\/\" \/>\n<meta property=\"og:site_name\" content=\"Iny Elegance\" \/>\n<meta property=\"article:modified_time\" content=\"2024-11-11T03:51:35+00:00\" \/>\n<meta property=\"og:image\" content=\"https:\/\/inyelegance.com\/wp-content\/uploads\/2024\/11\/Logo-GP-pour-SEO.jpg\" \/>\n\t<meta property=\"og:image:width\" content=\"1200\" \/>\n\t<meta property=\"og:image:height\" content=\"675\" \/>\n\t<meta property=\"og:image:type\" content=\"image\/jpeg\" \/>\n<meta name=\"twitter:card\" content=\"summary_large_image\" \/>\n<meta name=\"twitter:label1\" content=\"Est. reading time\" \/>\n\t<meta name=\"twitter:data1\" content=\"2 minutes\" \/>\n<script type=\"application\/ld+json\" class=\"yoast-schema-graph\">{\"@context\":\"https:\\\/\\\/schema.org\",\"@graph\":[{\"@type\":\"WebPage\",\"@id\":\"https:\\\/\\\/inyelegance.com\\\/comment-reserver-un-taxi\\\/\",\"url\":\"https:\\\/\\\/inyelegance.com\\\/comment-reserver-un-taxi\\\/\",\"name\":\"R\u00e9server un Taxi - Iny Elegance\",\"isPartOf\":{\"@id\":\"https:\\\/\\\/inyelegance.com\\\/#website\"},\"datePublished\":\"2024-11-11T01:28:40+00:00\",\"dateModified\":\"2024-11-11T03:51:35+00:00\",\"description\":\"R\u00e9server un taxi \u00e0 Paris en toute simplicit\u00e9 gr\u00e2ce \u00e0 notre module de r\u00e9servation en ligne. Simple et pratique\",\"breadcrumb\":{\"@id\":\"https:\\\/\\\/inyelegance.com\\\/comment-reserver-un-taxi\\\/#breadcrumb\"},\"inLanguage\":\"en-US\",\"potentialAction\":[{\"@type\":\"ReadAction\",\"target\":[\"https:\\\/\\\/inyelegance.com\\\/comment-reserver-un-taxi\\\/\"]}]},{\"@type\":\"BreadcrumbList\",\"@id\":\"https:\\\/\\\/inyelegance.com\\\/comment-reserver-un-taxi\\\/#breadcrumb\",\"itemListElement\":[{\"@type\":\"ListItem\",\"position\":1,\"name\":\"Home\",\"item\":\"https:\\\/\\\/inyelegance.com\\\/\"},{\"@type\":\"ListItem\",\"position\":2,\"name\":\"R\u00e9server un Taxi\"}]},{\"@type\":\"WebSite\",\"@id\":\"https:\\\/\\\/inyelegance.com\\\/#website\",\"url\":\"https:\\\/\\\/inyelegance.com\\\/\",\"name\":\"Inyelegance.com\",\"description\":\"Centrale de r\u00e9servation Taxi et VTC\",\"publisher\":{\"@id\":\"https:\\\/\\\/inyelegance.com\\\/#organization\"},\"potentialAction\":[{\"@type\":\"SearchAction\",\"target\":{\"@type\":\"EntryPoint\",\"urlTemplate\":\"https:\\\/\\\/inyelegance.com\\\/?s={search_term_string}\"},\"query-input\":{\"@type\":\"PropertyValueSpecification\",\"valueRequired\":true,\"valueName\":\"search_term_string\"}}],\"inLanguage\":\"en-US\"},{\"@type\":\"Organization\",\"@id\":\"https:\\\/\\\/inyelegance.com\\\/#organization\",\"name\":\"Iny Elegance\",\"url\":\"https:\\\/\\\/inyelegance.com\\\/\",\"logo\":{\"@type\":\"ImageObject\",\"inLanguage\":\"en-US\",\"@id\":\"https:\\\/\\\/inyelegance.com\\\/#\\\/schema\\\/logo\\\/image\\\/\",\"url\":\"https:\\\/\\\/inyelegance.com\\\/wp-content\\\/uploads\\\/2024\\\/11\\\/Logo-pour-SEO.jpg\",\"contentUrl\":\"https:\\\/\\\/inyelegance.com\\\/wp-content\\\/uploads\\\/2024\\\/11\\\/Logo-pour-SEO.jpg\",\"width\":696,\"height\":696,\"caption\":\"Iny Elegance\"},\"image\":{\"@id\":\"https:\\\/\\\/inyelegance.com\\\/#\\\/schema\\\/logo\\\/image\\\/\"},\"sameAs\":[\"https:\\\/\\\/www.instagram.com\\\/inyelegance\\\/\"]}]}<\/script>\n<!-- \/ Yoast SEO plugin. -->","yoast_head_json":{"title":"R\u00e9server un Taxi - Iny Elegance","description":"R\u00e9server un taxi \u00e0 Paris en toute simplicit\u00e9 gr\u00e2ce \u00e0 notre module de r\u00e9servation en ligne. Simple et pratique","robots":{"index":"index","follow":"follow","max-snippet":"max-snippet:-1","max-image-preview":"max-image-preview:large","max-video-preview":"max-video-preview:-1"},"canonical":"https:\/\/inyelegance.com\/en\/comment-reserver-un-taxi\/","og_locale":"en_US","og_type":"article","og_title":"R\u00e9server un Taxi - Iny Elegance","og_description":"R\u00e9server un taxi \u00e0 Paris en toute simplicit\u00e9 gr\u00e2ce \u00e0 notre module de r\u00e9servation en ligne. Simple et pratique","og_url":"https:\/\/inyelegance.com\/en\/comment-reserver-un-taxi\/","og_site_name":"Iny Elegance","article_modified_time":"2024-11-11T03:51:35+00:00","og_image":[{"width":1200,"height":675,"url":"https:\/\/inyelegance.com\/wp-content\/uploads\/2024\/11\/Logo-GP-pour-SEO.jpg","type":"image\/jpeg"}],"twitter_card":"summary_large_image","twitter_misc":{"Est. reading time":"2 minutes"},"schema":{"@context":"https:\/\/schema.org","@graph":[{"@type":"WebPage","@id":"https:\/\/inyelegance.com\/comment-reserver-un-taxi\/","url":"https:\/\/inyelegance.com\/comment-reserver-un-taxi\/","name":"R\u00e9server un Taxi - Iny Elegance","isPartOf":{"@id":"https:\/\/inyelegance.com\/#website"},"datePublished":"2024-11-11T01:28:40+00:00","dateModified":"2024-11-11T03:51:35+00:00","description":"R\u00e9server un taxi \u00e0 Paris en toute simplicit\u00e9 gr\u00e2ce \u00e0 notre module de r\u00e9servation en ligne. Simple et pratique","breadcrumb":{"@id":"https:\/\/inyelegance.com\/comment-reserver-un-taxi\/#breadcrumb"},"inLanguage":"en-US","potentialAction":[{"@type":"ReadAction","target":["https:\/\/inyelegance.com\/comment-reserver-un-taxi\/"]}]},{"@type":"BreadcrumbList","@id":"https:\/\/inyelegance.com\/comment-reserver-un-taxi\/#breadcrumb","itemListElement":[{"@type":"ListItem","position":1,"name":"Home","item":"https:\/\/inyelegance.com\/"},{"@type":"ListItem","position":2,"name":"R\u00e9server un Taxi"}]},{"@type":"WebSite","@id":"https:\/\/inyelegance.com\/#website","url":"https:\/\/inyelegance.com\/","name":"Inyelegance.com","description":"Centrale de r\u00e9servation Taxi et VTC","publisher":{"@id":"https:\/\/inyelegance.com\/#organization"},"potentialAction":[{"@type":"SearchAction","target":{"@type":"EntryPoint","urlTemplate":"https:\/\/inyelegance.com\/?s={search_term_string}"},"query-input":{"@type":"PropertyValueSpecification","valueRequired":true,"valueName":"search_term_string"}}],"inLanguage":"en-US"},{"@type":"Organization","@id":"https:\/\/inyelegance.com\/#organization","name":"Iny Elegance","url":"https:\/\/inyelegance.com\/","logo":{"@type":"ImageObject","inLanguage":"en-US","@id":"https:\/\/inyelegance.com\/#\/schema\/logo\/image\/","url":"https:\/\/inyelegance.com\/wp-content\/uploads\/2024\/11\/Logo-pour-SEO.jpg","contentUrl":"https:\/\/inyelegance.com\/wp-content\/uploads\/2024\/11\/Logo-pour-SEO.jpg","width":696,"height":696,"caption":"Iny Elegance"},"image":{"@id":"https:\/\/inyelegance.com\/#\/schema\/logo\/image\/"},"sameAs":["https:\/\/www.instagram.com\/inyelegance\/"]}]}},"jetpack_sharing_enabled":true,"_links":{"self":[{"href":"https:\/\/inyelegance.com\/en\/wp-json\/wp\/v2\/pages\/2690","targetHints":{"allow":["GET"]}}],"collection":[{"href":"https:\/\/inyelegance.com\/en\/wp-json\/wp\/v2\/pages"}],"about":[{"href":"https:\/\/inyelegance.com\/en\/wp-json\/wp\/v2\/types\/page"}],"author":[{"embeddable":true,"href":"https:\/\/inyelegance.com\/en\/wp-json\/wp\/v2\/users\/1"}],"replies":[{"embeddable":true,"href":"https:\/\/inyelegance.com\/en\/wp-json\/wp\/v2\/comments?post=2690"}],"version-history":[{"count":16,"href":"https:\/\/inyelegance.com\/en\/wp-json\/wp\/v2\/pages\/2690\/revisions"}],"predecessor-version":[{"id":2721,"href":"https:\/\/inyelegance.com\/en\/wp-json\/wp\/v2\/pages\/2690\/revisions\/2721"}],"wp:attachment":[{"href":"https:\/\/inyelegance.com\/en\/wp-json\/wp\/v2\/media?parent=2690"}],"curies":[{"name":"wp","href":"https:\/\/api.w.org\/{rel}","templated":true}]}}