{"id":2708,"date":"2024-11-11T03:03:51","date_gmt":"2024-11-11T03:03:51","guid":{"rendered":"https:\/\/inyelegance.com\/?page_id=2708"},"modified":"2024-11-11T04:02:50","modified_gmt":"2024-11-11T04:02:50","slug":"les-obligations-reglementaire-taxi-et-vtc","status":"publish","type":"page","link":"https:\/\/inyelegance.com\/en\/les-obligations-reglementaire-taxi-et-vtc\/","title":{"rendered":"Obligations d&#8217;un Chauffeur"},"content":{"rendered":"<h1>Les obligations r\u00e9glementaire TAXI et VTC<\/h1>\n<h2>La r\u00e9glementation<\/h2>\n<p>Les obligations TAXI et VTC\u00a0 sont enregistr\u00e9s au <a href=\"https:\/\/www.ecologie.gouv.fr\/politiques-publiques\/taxi-vtc-reglementation-transports-publics-particuliers-personnes#:~:text=Le%20secteur%20du%20transport%20public,comme%20les%20plateformes%20de%20r%C3%A9servation.\">registre des transports T3P<\/a> (Transport de public particulier et de personnes).<\/p>\n<p>En conformit\u00e9 avec la loi, il poss\u00e8de une licence approuv\u00e9e par le gouvernement fran\u00e7ais et l\u2019ensemble des assurances (Civile et Professionnel), car votre s\u00e9curit\u00e9 fait partie de nos obligations.<\/p>\n<p>En effet nombreux sont\u00a0 <a href=\"https:\/\/www.economie.gouv.fr\/dgccrf\/taxis-et-vtc-plus-dun-etablissement-sur-trois-en-anomalie-0\">les chauffeurs peu scrupuleux sur Paris et ses r\u00e9gions<\/a> disposant pas de licence et travaillant sous la licence d\u2019autrui.<\/p>\n<blockquote>\n<h3>Les obligations TAXI et VTC<\/h3>\n<p>Avoir un permis de conduire fran\u00e7ais<\/p>\n<p>Apposer sa licence sur son Pare brise<\/p>\n<p>Apposer le macaron de l\u2019imprimerie nationale sur son par brise<\/p>\n<p>Disposer de l\u2019assurance professionnel (RC PRO)<\/p>\n<p>Disposer de l\u2019assurance du v\u00e9hicule<\/p>\n<p>V\u00e9hicule propre int\u00e9rieur comme ext\u00e9rieur<\/p>\n<p>Avoir les outils n\u00e9cessaires pour son activit\u00e9 ( GPS, Facturette, TPE\u2026)<\/p>\n<h4><strong><em>Ne jamais monter dans un v\u00e9hicule qui ne respect pas ces r\u00e8gles car en cas d&#8217;accident vous ne serait pas couvert !<\/em><\/strong><\/h4>\n<p><strong><em>Vous devez imp\u00e9rativement v\u00e9rifier ses points et l&#8217;identit\u00e9 du chauffeur avant de monter dans le v\u00e9hicule !<\/em><\/strong><\/p><\/blockquote>\n<h2>Les 10 Points \u00e0 mettre en avant<\/h2>\n<ol>\n<li><strong>S\u00e9curit\u00e9 et confort du passager<\/strong><\/li>\n<li><strong>V\u00e9hicule en bon \u00e9tat &#8211; V\u00e9hicule propre et confortable &#8211; Comportement s\u00e9curitaire sur la route<\/strong><\/li>\n<li><strong>Respect des passagers<\/strong><\/li>\n<li><strong>Politesse et courtoisie &#8211; Assistance &#8211; Confidentialit\u00e9 des \u00e9changes<\/strong><\/li>\n<li><strong>Respect des tarifs<\/strong><\/li>\n<li><strong>Aucune surfacturation dans la mesure ou chaque tarif est d\u00e9fini \u00e0 l&#8217;avance sauf co\u00fbt \u00e9ventuel suite aux probl\u00e8mes de circulations <a href=\"https:\/\/inyelegance.com\/en\/condition-generale-de-vente\/\">(voir CGV)<\/a><\/strong><\/li>\n<li><strong>Choix du trajet<\/strong><\/li>\n<li><strong>Choix de l&#8217;itin\u00e9raire &#8211; Explications en cas de d\u00e9viation<\/strong><\/li>\n<li><strong>Gestion des situations particuli\u00e8res<\/strong><\/li>\n<li><strong>Gestions des objets perdus<\/strong><\/li>\n<\/ol>\n<p>Ces obligations visent \u00e0 maintenir un service de transport de qualit\u00e9 et s\u00e9curis\u00e9, garantissant le respect des droits des passagers et l&#8217;int\u00e9grit\u00e9 de la profession de chauffeur .<\/p>\n<p>Notre centrale de r\u00e9servation de TAXI, r\u00e9servation de VTC , r\u00e9servation de transfert d&#8217;a\u00e9roport Charles de Gaulle, transf\u00e8re d&#8217;a\u00e9roport d&#8217;Orly, vous assure toujours <a href=\"https:\/\/inyelegance.com\/en\/voyager-selon-votre-budget\/\">nos trois gammes<\/a> selon votre budget :<\/p>\n<ul>\n<li>\n<h3>R\u00e9server selon votre budget<\/h3>\n<\/li>\n<\/ul>\n<ul>\n<li><strong>Economique<\/strong><\/li>\n<li><strong>Berline confort<\/strong><\/li>\n<li><strong>VAN (de 1 \u00e0 8 personnes)<\/strong><br \/>\n<h3><\/h3>\n<\/li>\n<\/ul>\n<p>Avec INY ELEGANCE<\/p>\n<p>La S\u00e9r\u00e9nit\u00e9 de bien voyager<\/p>\n<p>&nbsp;<\/p>","protected":false},"excerpt":{"rendered":"<p>Les obligations r\u00e9glementaire TAXI et VTC La r\u00e9glementation Les obligations TAXI et VTC\u00a0 sont enregistr\u00e9s au registre des transports T3P (Transport de public particulier et de personnes). En conformit\u00e9 avec la loi, il poss\u00e8de une licence approuv\u00e9e par le gouvernement fran\u00e7ais et l\u2019ensemble des assurances (Civile et Professionnel), car votre s\u00e9curit\u00e9 fait partie de nos<\/p>","protected":false},"author":1,"featured_media":0,"parent":0,"menu_order":0,"comment_status":"closed","ping_status":"closed","template":"","meta":{"footnotes":""},"class_list":["post-2708","page","type-page","status-publish","hentry"],"yoast_head":"<!-- This site is optimized with the Yoast SEO plugin v27.4 - https:\/\/yoast.com\/product\/yoast-seo-wordpress\/ -->\n<title>Les Obligations R\u00e9gl\u00e8mentaire TAXI et VTC<\/title>\n<meta name=\"description\" content=\"Chaque chauffeur de taxi et de VTC se doivent de r\u00e9pondre \u00e0 des obligations relevant du minist\u00e8re du transport\" \/>\n<meta name=\"robots\" content=\"index, follow, max-snippet:-1, max-image-preview:large, max-video-preview:-1\" \/>\n<link rel=\"canonical\" href=\"https:\/\/inyelegance.com\/en\/les-obligations-reglementaire-taxi-et-vtc\/\" \/>\n<meta property=\"og:locale\" content=\"en_US\" \/>\n<meta property=\"og:type\" content=\"article\" \/>\n<meta property=\"og:title\" content=\"Les Obligations R\u00e9gl\u00e8mentaire TAXI et VTC\" \/>\n<meta property=\"og:description\" content=\"Chaque chauffeur de taxi et de VTC se doivent de r\u00e9pondre \u00e0 des obligations relevant du minist\u00e8re du transport\" \/>\n<meta property=\"og:url\" content=\"https:\/\/inyelegance.com\/en\/les-obligations-reglementaire-taxi-et-vtc\/\" \/>\n<meta property=\"og:site_name\" content=\"Iny Elegance\" \/>\n<meta property=\"article:modified_time\" content=\"2024-11-11T04:02:50+00:00\" \/>\n<meta property=\"og:image\" content=\"https:\/\/inyelegance.com\/wp-content\/uploads\/2024\/11\/Logo-GP-pour-SEO.jpg\" \/>\n\t<meta property=\"og:image:width\" content=\"1200\" \/>\n\t<meta property=\"og:image:height\" content=\"675\" \/>\n\t<meta property=\"og:image:type\" content=\"image\/jpeg\" \/>\n<meta name=\"twitter:card\" content=\"summary_large_image\" \/>\n<meta name=\"twitter:label1\" content=\"Est. reading time\" \/>\n\t<meta name=\"twitter:data1\" content=\"2 minutes\" \/>\n<script type=\"application\/ld+json\" class=\"yoast-schema-graph\">{\"@context\":\"https:\\\/\\\/schema.org\",\"@graph\":[{\"@type\":\"WebPage\",\"@id\":\"https:\\\/\\\/inyelegance.com\\\/les-obligations-reglementaire-taxi-et-vtc\\\/\",\"url\":\"https:\\\/\\\/inyelegance.com\\\/les-obligations-reglementaire-taxi-et-vtc\\\/\",\"name\":\"Les Obligations R\u00e9gl\u00e8mentaire TAXI et VTC\",\"isPartOf\":{\"@id\":\"https:\\\/\\\/inyelegance.com\\\/#website\"},\"datePublished\":\"2024-11-11T03:03:51+00:00\",\"dateModified\":\"2024-11-11T04:02:50+00:00\",\"description\":\"Chaque chauffeur de taxi et de VTC se doivent de r\u00e9pondre \u00e0 des obligations relevant du minist\u00e8re du transport\",\"breadcrumb\":{\"@id\":\"https:\\\/\\\/inyelegance.com\\\/les-obligations-reglementaire-taxi-et-vtc\\\/#breadcrumb\"},\"inLanguage\":\"en-US\",\"potentialAction\":[{\"@type\":\"ReadAction\",\"target\":[\"https:\\\/\\\/inyelegance.com\\\/les-obligations-reglementaire-taxi-et-vtc\\\/\"]}]},{\"@type\":\"BreadcrumbList\",\"@id\":\"https:\\\/\\\/inyelegance.com\\\/les-obligations-reglementaire-taxi-et-vtc\\\/#breadcrumb\",\"itemListElement\":[{\"@type\":\"ListItem\",\"position\":1,\"name\":\"Home\",\"item\":\"https:\\\/\\\/inyelegance.com\\\/\"},{\"@type\":\"ListItem\",\"position\":2,\"name\":\"Obligations d&rsquo;un Chauffeur\"}]},{\"@type\":\"WebSite\",\"@id\":\"https:\\\/\\\/inyelegance.com\\\/#website\",\"url\":\"https:\\\/\\\/inyelegance.com\\\/\",\"name\":\"Inyelegance.com\",\"description\":\"Centrale de r\u00e9servation Taxi et VTC\",\"publisher\":{\"@id\":\"https:\\\/\\\/inyelegance.com\\\/#organization\"},\"potentialAction\":[{\"@type\":\"SearchAction\",\"target\":{\"@type\":\"EntryPoint\",\"urlTemplate\":\"https:\\\/\\\/inyelegance.com\\\/?s={search_term_string}\"},\"query-input\":{\"@type\":\"PropertyValueSpecification\",\"valueRequired\":true,\"valueName\":\"search_term_string\"}}],\"inLanguage\":\"en-US\"},{\"@type\":\"Organization\",\"@id\":\"https:\\\/\\\/inyelegance.com\\\/#organization\",\"name\":\"Iny Elegance\",\"url\":\"https:\\\/\\\/inyelegance.com\\\/\",\"logo\":{\"@type\":\"ImageObject\",\"inLanguage\":\"en-US\",\"@id\":\"https:\\\/\\\/inyelegance.com\\\/#\\\/schema\\\/logo\\\/image\\\/\",\"url\":\"https:\\\/\\\/inyelegance.com\\\/wp-content\\\/uploads\\\/2024\\\/11\\\/Logo-pour-SEO.jpg\",\"contentUrl\":\"https:\\\/\\\/inyelegance.com\\\/wp-content\\\/uploads\\\/2024\\\/11\\\/Logo-pour-SEO.jpg\",\"width\":696,\"height\":696,\"caption\":\"Iny Elegance\"},\"image\":{\"@id\":\"https:\\\/\\\/inyelegance.com\\\/#\\\/schema\\\/logo\\\/image\\\/\"},\"sameAs\":[\"https:\\\/\\\/www.instagram.com\\\/inyelegance\\\/\"]}]}<\/script>\n<!-- \/ Yoast SEO plugin. -->","yoast_head_json":{"title":"Les Obligations R\u00e9gl\u00e8mentaire TAXI et VTC","description":"Chaque chauffeur de taxi et de VTC se doivent de r\u00e9pondre \u00e0 des obligations relevant du minist\u00e8re du transport","robots":{"index":"index","follow":"follow","max-snippet":"max-snippet:-1","max-image-preview":"max-image-preview:large","max-video-preview":"max-video-preview:-1"},"canonical":"https:\/\/inyelegance.com\/en\/les-obligations-reglementaire-taxi-et-vtc\/","og_locale":"en_US","og_type":"article","og_title":"Les Obligations R\u00e9gl\u00e8mentaire TAXI et VTC","og_description":"Chaque chauffeur de taxi et de VTC se doivent de r\u00e9pondre \u00e0 des obligations relevant du minist\u00e8re du transport","og_url":"https:\/\/inyelegance.com\/en\/les-obligations-reglementaire-taxi-et-vtc\/","og_site_name":"Iny Elegance","article_modified_time":"2024-11-11T04:02:50+00:00","og_image":[{"width":1200,"height":675,"url":"https:\/\/inyelegance.com\/wp-content\/uploads\/2024\/11\/Logo-GP-pour-SEO.jpg","type":"image\/jpeg"}],"twitter_card":"summary_large_image","twitter_misc":{"Est. reading time":"2 minutes"},"schema":{"@context":"https:\/\/schema.org","@graph":[{"@type":"WebPage","@id":"https:\/\/inyelegance.com\/les-obligations-reglementaire-taxi-et-vtc\/","url":"https:\/\/inyelegance.com\/les-obligations-reglementaire-taxi-et-vtc\/","name":"Les Obligations R\u00e9gl\u00e8mentaire TAXI et VTC","isPartOf":{"@id":"https:\/\/inyelegance.com\/#website"},"datePublished":"2024-11-11T03:03:51+00:00","dateModified":"2024-11-11T04:02:50+00:00","description":"Chaque chauffeur de taxi et de VTC se doivent de r\u00e9pondre \u00e0 des obligations relevant du minist\u00e8re du transport","breadcrumb":{"@id":"https:\/\/inyelegance.com\/les-obligations-reglementaire-taxi-et-vtc\/#breadcrumb"},"inLanguage":"en-US","potentialAction":[{"@type":"ReadAction","target":["https:\/\/inyelegance.com\/les-obligations-reglementaire-taxi-et-vtc\/"]}]},{"@type":"BreadcrumbList","@id":"https:\/\/inyelegance.com\/les-obligations-reglementaire-taxi-et-vtc\/#breadcrumb","itemListElement":[{"@type":"ListItem","position":1,"name":"Home","item":"https:\/\/inyelegance.com\/"},{"@type":"ListItem","position":2,"name":"Obligations d&rsquo;un Chauffeur"}]},{"@type":"WebSite","@id":"https:\/\/inyelegance.com\/#website","url":"https:\/\/inyelegance.com\/","name":"Inyelegance.com","description":"Centrale de r\u00e9servation Taxi et VTC","publisher":{"@id":"https:\/\/inyelegance.com\/#organization"},"potentialAction":[{"@type":"SearchAction","target":{"@type":"EntryPoint","urlTemplate":"https:\/\/inyelegance.com\/?s={search_term_string}"},"query-input":{"@type":"PropertyValueSpecification","valueRequired":true,"valueName":"search_term_string"}}],"inLanguage":"en-US"},{"@type":"Organization","@id":"https:\/\/inyelegance.com\/#organization","name":"Iny Elegance","url":"https:\/\/inyelegance.com\/","logo":{"@type":"ImageObject","inLanguage":"en-US","@id":"https:\/\/inyelegance.com\/#\/schema\/logo\/image\/","url":"https:\/\/inyelegance.com\/wp-content\/uploads\/2024\/11\/Logo-pour-SEO.jpg","contentUrl":"https:\/\/inyelegance.com\/wp-content\/uploads\/2024\/11\/Logo-pour-SEO.jpg","width":696,"height":696,"caption":"Iny Elegance"},"image":{"@id":"https:\/\/inyelegance.com\/#\/schema\/logo\/image\/"},"sameAs":["https:\/\/www.instagram.com\/inyelegance\/"]}]}},"jetpack_sharing_enabled":true,"_links":{"self":[{"href":"https:\/\/inyelegance.com\/en\/wp-json\/wp\/v2\/pages\/2708","targetHints":{"allow":["GET"]}}],"collection":[{"href":"https:\/\/inyelegance.com\/en\/wp-json\/wp\/v2\/pages"}],"about":[{"href":"https:\/\/inyelegance.com\/en\/wp-json\/wp\/v2\/types\/page"}],"author":[{"embeddable":true,"href":"https:\/\/inyelegance.com\/en\/wp-json\/wp\/v2\/users\/1"}],"replies":[{"embeddable":true,"href":"https:\/\/inyelegance.com\/en\/wp-json\/wp\/v2\/comments?post=2708"}],"version-history":[{"count":18,"href":"https:\/\/inyelegance.com\/en\/wp-json\/wp\/v2\/pages\/2708\/revisions"}],"predecessor-version":[{"id":2730,"href":"https:\/\/inyelegance.com\/en\/wp-json\/wp\/v2\/pages\/2708\/revisions\/2730"}],"wp:attachment":[{"href":"https:\/\/inyelegance.com\/en\/wp-json\/wp\/v2\/media?parent=2708"}],"curies":[{"name":"wp","href":"https:\/\/api.w.org\/{rel}","templated":true}]}}