{"id":2929,"date":"2025-04-21T21:45:18","date_gmt":"2025-04-21T21:45:18","guid":{"rendered":"https:\/\/inyelegance.com\/?page_id=2929"},"modified":"2026-03-08T21:32:18","modified_gmt":"2026-03-08T21:32:18","slug":"categorie","status":"publish","type":"page","link":"https:\/\/inyelegance.com\/en\/categorie\/","title":{"rendered":"Categorie"},"content":{"rendered":"<section class=\"wpb-content-wrapper\"><div  class=\"wpb_row vc_row-fluid content-wrapper content-wrapper-standard clearfix\" style=\"padding-left: 0px; padding-right: 0px; \"><div class=\"col span_12\"><div class=\"wpb_column vc_column_container vc_col-sm-12\"><div class=\"vc_column-inner\"><div class=\"wpb_wrapper\"><h1>Nos Cat\u00e9gories<\/h1>\t\t\n\t\t<!-- BEGIN .fleet-block-wrapper -->\n\t\t<div class=\"fleet-block-wrapper fleet-3-cols clearfix\">\n\n\t\t\t\t\t\t\t\n\t\t\t\t<!-- BEGIN .fleet-block -->\n\t\t\t\t<div class=\"fleet-block\">\n\t\t\t\t\t\n\t\t\t\t\t\t\t\t\t\t\t\n\t\t\t\t\t\t<div class=\"fleet-block-image\">\n\t\t\t\t\t\t\t\n\t\t\t\t\t\t\t<a href=\"https:\/\/inyelegance.com\/en\/fleet\/economique\/\" rel=\"bookmark\" title=\"Economique\">\n\t\t\t\t\t\t\t\t<img decoding=\"async\" src=\"https:\/\/inyelegance.com\/wp-content\/uploads\/2025\/02\/Categorie-transport-economique.jpg\" alt=\"\" \/>\t\t\t\t\t\t\t<\/a>\n\t\t\t\t\t\t<\/div>\n\n\t\t\t\t\t\t\t\t\t\t\n\t\t\t\t\t<div class=\"fleet-block-content\">\n\t\t\t\t\t\t\n\t\t\t\t\t\t\t\t\t\t\t\t\t<div class=\"fleet-price\">From \u20ac30.00<\/div>\n\t\t\t\t\t\t\t\t\t\t\t\t\n\t\t\t\t\t\t<h4><a href=\"https:\/\/inyelegance.com\/en\/fleet\/economique\/\" rel=\"bookmark\" title=\"Economique\">Economique<\/a><\/h4>\n\t\t\t\t\t\t<div class=\"title-block3\"><\/div>\n\t\t\t\t\t\t<ul class=\"list-style4\">\r\n<li>4 Passengers<\/li>\r\n<li>3 Bags<\/li>\r\n<\/ul>\t\t\t\t\t<\/div>\n\t\t\t\t\t\n\t\t\t\t<!-- END .fleet-block -->\n\t\t\t\t<\/div>\n\t\t\t\t\n\t\t\t\t\t\t\t\n\t\t\t\t<!-- BEGIN .fleet-block -->\n\t\t\t\t<div class=\"fleet-block\">\n\t\t\t\t\t\n\t\t\t\t\t\t\t\t\t\t\t\n\t\t\t\t\t\t<div class=\"fleet-block-image\">\n\t\t\t\t\t\t\t\n\t\t\t\t\t\t\t<a href=\"https:\/\/inyelegance.com\/en\/fleet\/berline-confort\/\" rel=\"bookmark\" title=\"Berline\/Confort\">\n\t\t\t\t\t\t\t\t<img decoding=\"async\" src=\"https:\/\/inyelegance.com\/wp-content\/uploads\/2023\/09\/Classe-transport-berline_confort.jpg\" alt=\"\" \/>\t\t\t\t\t\t\t<\/a>\n\t\t\t\t\t\t<\/div>\n\n\t\t\t\t\t\t\t\t\t\t\n\t\t\t\t\t<div class=\"fleet-block-content\">\n\t\t\t\t\t\t\n\t\t\t\t\t\t\t\t\t\t\t\t\t<div class=\"fleet-price\">From \u20ac40.00<\/div>\n\t\t\t\t\t\t\t\t\t\t\t\t\n\t\t\t\t\t\t<h4><a href=\"https:\/\/inyelegance.com\/en\/fleet\/berline-confort\/\" rel=\"bookmark\" title=\"Berline\/Confort\">Berline\/Confort<\/a><\/h4>\n\t\t\t\t\t\t<div class=\"title-block3\"><\/div>\n\t\t\t\t\t\t<ul class=\"list-style4\">\r\n<li>4 Passengers<\/li>\r\n<li>3 Bags<\/li>\r\n<\/ul>\t\t\t\t\t<\/div>\n\t\t\t\t\t\n\t\t\t\t<!-- END .fleet-block -->\n\t\t\t\t<\/div>\n\t\t\t\t\n\t\t\t\t\t\t\t\n\t\t\t\t<!-- BEGIN .fleet-block -->\n\t\t\t\t<div class=\"fleet-block\">\n\t\t\t\t\t\n\t\t\t\t\t\t\t\t\t\t\t\n\t\t\t\t\t\t<div class=\"fleet-block-image\">\n\t\t\t\t\t\t\t\n\t\t\t\t\t\t\t<a href=\"https:\/\/inyelegance.com\/en\/fleet\/van\/\" rel=\"bookmark\" title=\"Van\">\n\t\t\t\t\t\t\t\t<img decoding=\"async\" src=\"https:\/\/inyelegance.com\/wp-content\/uploads\/2017\/02\/Modele-van-INY-ELEGANCE.jpg\" alt=\"INY ELEGANCE Agence de chauffeur priv\u00e9\" \/>\t\t\t\t\t\t\t<\/a>\n\t\t\t\t\t\t<\/div>\n\n\t\t\t\t\t\t\t\t\t\t\n\t\t\t\t\t<div class=\"fleet-block-content\">\n\t\t\t\t\t\t\n\t\t\t\t\t\t\t\t\t\t\t\t\t<div class=\"fleet-price\">From \u20ac85.00<\/div>\n\t\t\t\t\t\t\t\t\t\t\t\t\n\t\t\t\t\t\t<h4><a href=\"https:\/\/inyelegance.com\/en\/fleet\/van\/\" rel=\"bookmark\" title=\"Van\">Van<\/a><\/h4>\n\t\t\t\t\t\t<div class=\"title-block3\"><\/div>\n\t\t\t\t\t\t<ul class=\"list-style4\">\r\n<li>8 Passengers<\/li>\r\n<li>5 Bags<\/li>\r\n<\/ul>\t\t\t\t\t<\/div>\n\t\t\t\t\t\n\t\t\t\t<!-- END .fleet-block -->\n\t\t\t\t<\/div>\n\t\t\t\t\n\t\t\t\n\t\t<!-- END .yacht-listing-wrapper -->\n\t\t<\/div>\n\t\t\n\t\t\n\t<div class=\"wpb_text_column wpb_content_element\" >\n\t\t<div class=\"wpb_wrapper\">\n\t\t\t<h2>Bon \u00e0 savoir pour votre s\u00e9curit\u00e9<\/h2>\n<p><a href=\"https:\/\/www.economie.gouv.fr\/dgccrf\/les-fiches-pratiques\/taxis-vtc-motos-pro-ce-quil-faut-savoir\">TAXI \u2013 VTC \u2013 Moto TAXI, ce qui faut savoir<\/a>\u00a0(article du gouvernement)<\/p>\n\n\t\t<\/div>\n\t<\/div>\n<\/div><\/div><\/div><\/div><\/div>\n<\/section>","protected":false},"excerpt":{"rendered":"VAN (1 \u00e0 8 Personnes)Espace et d\u00e9tente \u00e0 plusieurs....Id\u00e9aux pour les groupes, les familles nombreuses et les voyages avec bagages, les&nbsp; VAN sont spacieux et faciles \u00e0 utiliser.&nbsp; Profitez de la commodit\u00e9 des d\u00e9placements pour les \u00e9v\u00e9nements sp\u00e9ciaux, les transferts vers l\u2019a\u00e9roport d\u2019Orly ou Charles de Gaule. Le confort d\u2019un v\u00e9hicule haut de gamme rend","protected":false},"author":1,"featured_media":0,"parent":0,"menu_order":0,"comment_status":"closed","ping_status":"closed","template":"","meta":{"footnotes":""},"class_list":["post-2929","page","type-page","status-publish","hentry"],"yoast_head":"<!-- This site is optimized with the Yoast SEO plugin v27.4 - https:\/\/yoast.com\/product\/yoast-seo-wordpress\/ -->\n<title>Categorie - Iny Elegance<\/title>\n<meta name=\"description\" content=\"Choisissez votre en toute s\u00e9r\u00e9nit\u00e9 quel que soit votre budget, notre agence saura r\u00e9pondre a vos attentes. Economique, Berline Confort ou Van\" \/>\n<meta name=\"robots\" content=\"index, follow, max-snippet:-1, max-image-preview:large, max-video-preview:-1\" \/>\n<link rel=\"canonical\" href=\"https:\/\/inyelegance.com\/en\/categorie\/\" \/>\n<meta property=\"og:locale\" content=\"en_US\" \/>\n<meta property=\"og:type\" content=\"article\" \/>\n<meta property=\"og:title\" content=\"Categorie - Iny Elegance\" \/>\n<meta property=\"og:description\" content=\"Choisissez votre en toute s\u00e9r\u00e9nit\u00e9 quel que soit votre budget, notre agence saura r\u00e9pondre a vos attentes. Economique, Berline Confort ou Van\" \/>\n<meta property=\"og:url\" content=\"https:\/\/inyelegance.com\/en\/categorie\/\" \/>\n<meta property=\"og:site_name\" content=\"Iny Elegance\" \/>\n<meta property=\"article:modified_time\" content=\"2026-03-08T21:32:18+00:00\" \/>\n<meta property=\"og:image\" content=\"https:\/\/inyelegance.com\/wp-content\/uploads\/2024\/11\/Logo-GP-pour-SEO.jpg\" \/>\n\t<meta property=\"og:image:width\" content=\"1200\" \/>\n\t<meta property=\"og:image:height\" content=\"675\" \/>\n\t<meta property=\"og:image:type\" content=\"image\/jpeg\" \/>\n<meta name=\"twitter:card\" content=\"summary_large_image\" \/>\n<meta name=\"twitter:label1\" content=\"Est. reading time\" \/>\n\t<meta name=\"twitter:data1\" content=\"1 minute\" \/>\n<script type=\"application\/ld+json\" class=\"yoast-schema-graph\">{\"@context\":\"https:\\\/\\\/schema.org\",\"@graph\":[{\"@type\":\"WebPage\",\"@id\":\"https:\\\/\\\/inyelegance.com\\\/categorie\\\/\",\"url\":\"https:\\\/\\\/inyelegance.com\\\/categorie\\\/\",\"name\":\"Categorie - Iny Elegance\",\"isPartOf\":{\"@id\":\"https:\\\/\\\/inyelegance.com\\\/#website\"},\"datePublished\":\"2025-04-21T21:45:18+00:00\",\"dateModified\":\"2026-03-08T21:32:18+00:00\",\"description\":\"Choisissez votre en toute s\u00e9r\u00e9nit\u00e9 quel que soit votre budget, notre agence saura r\u00e9pondre a vos attentes. Economique, Berline Confort ou Van\",\"breadcrumb\":{\"@id\":\"https:\\\/\\\/inyelegance.com\\\/categorie\\\/#breadcrumb\"},\"inLanguage\":\"en-US\",\"potentialAction\":[{\"@type\":\"ReadAction\",\"target\":[\"https:\\\/\\\/inyelegance.com\\\/categorie\\\/\"]}]},{\"@type\":\"BreadcrumbList\",\"@id\":\"https:\\\/\\\/inyelegance.com\\\/categorie\\\/#breadcrumb\",\"itemListElement\":[{\"@type\":\"ListItem\",\"position\":1,\"name\":\"Home\",\"item\":\"https:\\\/\\\/inyelegance.com\\\/\"},{\"@type\":\"ListItem\",\"position\":2,\"name\":\"Categorie\"}]},{\"@type\":\"WebSite\",\"@id\":\"https:\\\/\\\/inyelegance.com\\\/#website\",\"url\":\"https:\\\/\\\/inyelegance.com\\\/\",\"name\":\"Inyelegance.com\",\"description\":\"Centrale de r\u00e9servation Taxi et VTC\",\"publisher\":{\"@id\":\"https:\\\/\\\/inyelegance.com\\\/#organization\"},\"potentialAction\":[{\"@type\":\"SearchAction\",\"target\":{\"@type\":\"EntryPoint\",\"urlTemplate\":\"https:\\\/\\\/inyelegance.com\\\/?s={search_term_string}\"},\"query-input\":{\"@type\":\"PropertyValueSpecification\",\"valueRequired\":true,\"valueName\":\"search_term_string\"}}],\"inLanguage\":\"en-US\"},{\"@type\":\"Organization\",\"@id\":\"https:\\\/\\\/inyelegance.com\\\/#organization\",\"name\":\"Iny Elegance\",\"url\":\"https:\\\/\\\/inyelegance.com\\\/\",\"logo\":{\"@type\":\"ImageObject\",\"inLanguage\":\"en-US\",\"@id\":\"https:\\\/\\\/inyelegance.com\\\/#\\\/schema\\\/logo\\\/image\\\/\",\"url\":\"https:\\\/\\\/inyelegance.com\\\/wp-content\\\/uploads\\\/2024\\\/11\\\/Logo-pour-SEO.jpg\",\"contentUrl\":\"https:\\\/\\\/inyelegance.com\\\/wp-content\\\/uploads\\\/2024\\\/11\\\/Logo-pour-SEO.jpg\",\"width\":696,\"height\":696,\"caption\":\"Iny Elegance\"},\"image\":{\"@id\":\"https:\\\/\\\/inyelegance.com\\\/#\\\/schema\\\/logo\\\/image\\\/\"},\"sameAs\":[\"https:\\\/\\\/www.instagram.com\\\/inyelegance\\\/\"]}]}<\/script>\n<!-- \/ Yoast SEO plugin. -->","yoast_head_json":{"title":"Categorie - Iny Elegance","description":"Choisissez votre en toute s\u00e9r\u00e9nit\u00e9 quel que soit votre budget, notre agence saura r\u00e9pondre a vos attentes. Economique, Berline Confort ou Van","robots":{"index":"index","follow":"follow","max-snippet":"max-snippet:-1","max-image-preview":"max-image-preview:large","max-video-preview":"max-video-preview:-1"},"canonical":"https:\/\/inyelegance.com\/en\/categorie\/","og_locale":"en_US","og_type":"article","og_title":"Categorie - Iny Elegance","og_description":"Choisissez votre en toute s\u00e9r\u00e9nit\u00e9 quel que soit votre budget, notre agence saura r\u00e9pondre a vos attentes. Economique, Berline Confort ou Van","og_url":"https:\/\/inyelegance.com\/en\/categorie\/","og_site_name":"Iny Elegance","article_modified_time":"2026-03-08T21:32:18+00:00","og_image":[{"width":1200,"height":675,"url":"https:\/\/inyelegance.com\/wp-content\/uploads\/2024\/11\/Logo-GP-pour-SEO.jpg","type":"image\/jpeg"}],"twitter_card":"summary_large_image","twitter_misc":{"Est. reading time":"1 minute"},"schema":{"@context":"https:\/\/schema.org","@graph":[{"@type":"WebPage","@id":"https:\/\/inyelegance.com\/categorie\/","url":"https:\/\/inyelegance.com\/categorie\/","name":"Categorie - Iny Elegance","isPartOf":{"@id":"https:\/\/inyelegance.com\/#website"},"datePublished":"2025-04-21T21:45:18+00:00","dateModified":"2026-03-08T21:32:18+00:00","description":"Choisissez votre en toute s\u00e9r\u00e9nit\u00e9 quel que soit votre budget, notre agence saura r\u00e9pondre a vos attentes. Economique, Berline Confort ou Van","breadcrumb":{"@id":"https:\/\/inyelegance.com\/categorie\/#breadcrumb"},"inLanguage":"en-US","potentialAction":[{"@type":"ReadAction","target":["https:\/\/inyelegance.com\/categorie\/"]}]},{"@type":"BreadcrumbList","@id":"https:\/\/inyelegance.com\/categorie\/#breadcrumb","itemListElement":[{"@type":"ListItem","position":1,"name":"Home","item":"https:\/\/inyelegance.com\/"},{"@type":"ListItem","position":2,"name":"Categorie"}]},{"@type":"WebSite","@id":"https:\/\/inyelegance.com\/#website","url":"https:\/\/inyelegance.com\/","name":"Inyelegance.com","description":"Centrale de r\u00e9servation Taxi et VTC","publisher":{"@id":"https:\/\/inyelegance.com\/#organization"},"potentialAction":[{"@type":"SearchAction","target":{"@type":"EntryPoint","urlTemplate":"https:\/\/inyelegance.com\/?s={search_term_string}"},"query-input":{"@type":"PropertyValueSpecification","valueRequired":true,"valueName":"search_term_string"}}],"inLanguage":"en-US"},{"@type":"Organization","@id":"https:\/\/inyelegance.com\/#organization","name":"Iny Elegance","url":"https:\/\/inyelegance.com\/","logo":{"@type":"ImageObject","inLanguage":"en-US","@id":"https:\/\/inyelegance.com\/#\/schema\/logo\/image\/","url":"https:\/\/inyelegance.com\/wp-content\/uploads\/2024\/11\/Logo-pour-SEO.jpg","contentUrl":"https:\/\/inyelegance.com\/wp-content\/uploads\/2024\/11\/Logo-pour-SEO.jpg","width":696,"height":696,"caption":"Iny Elegance"},"image":{"@id":"https:\/\/inyelegance.com\/#\/schema\/logo\/image\/"},"sameAs":["https:\/\/www.instagram.com\/inyelegance\/"]}]}},"jetpack_sharing_enabled":true,"_links":{"self":[{"href":"https:\/\/inyelegance.com\/en\/wp-json\/wp\/v2\/pages\/2929","targetHints":{"allow":["GET"]}}],"collection":[{"href":"https:\/\/inyelegance.com\/en\/wp-json\/wp\/v2\/pages"}],"about":[{"href":"https:\/\/inyelegance.com\/en\/wp-json\/wp\/v2\/types\/page"}],"author":[{"embeddable":true,"href":"https:\/\/inyelegance.com\/en\/wp-json\/wp\/v2\/users\/1"}],"replies":[{"embeddable":true,"href":"https:\/\/inyelegance.com\/en\/wp-json\/wp\/v2\/comments?post=2929"}],"version-history":[{"count":27,"href":"https:\/\/inyelegance.com\/en\/wp-json\/wp\/v2\/pages\/2929\/revisions"}],"predecessor-version":[{"id":2994,"href":"https:\/\/inyelegance.com\/en\/wp-json\/wp\/v2\/pages\/2929\/revisions\/2994"}],"wp:attachment":[{"href":"https:\/\/inyelegance.com\/en\/wp-json\/wp\/v2\/media?parent=2929"}],"curies":[{"name":"wp","href":"https:\/\/api.w.org\/{rel}","templated":true}]}}